{"id":87,"date":"2023-06-18T16:32:39","date_gmt":"2023-06-18T14:32:39","guid":{"rendered":"https:\/\/petsi29.com\/?page_id=87"},"modified":"2023-12-17T15:29:47","modified_gmt":"2023-12-17T14:29:47","slug":"accueil","status":"publish","type":"page","link":"https:\/\/petsi29.com\/","title":{"rendered":"Accueil"},"content":{"rendered":"<div class=\"n2-section-smartslider fitvidsignore  n2_clear\" data-ssid=\"4\" tabindex=\"0\" role=\"region\" aria-label=\"Slider\"><div id=\"n2-ss-4-align\" class=\"n2-ss-align\"><div class=\"n2-padding\"><div id=\"n2-ss-4\" data-creator=\"Smart Slider 3\" data-responsive=\"auto\" class=\"n2-ss-slider n2-ow n2-has-hover n2notransition  \">\n        <div class=\"n2-ss-slider-1 n2_ss__touch_element n2-ow\">\n            <div class=\"n2-ss-slider-2 n2-ow\">\n                                                <div class=\"n2-ss-slider-3 n2-ow\">\n\n                    <div class=\"n2-ss-slide-backgrounds n2-ow-all\"><div class=\"n2-ss-slide-background\" data-public-id=\"1\" data-mode=\"fill\"><div class=\"n2-ss-slide-background-image\" data-blur=\"0\" data-opacity=\"100\" data-x=\"36\" data-y=\"61\" data-alt=\"\" data-title=\"\" style=\"--ss-o-pos-x:36%;--ss-o-pos-y:61%\"><picture class=\"skip-lazy\" data-skip-lazy=\"1\"><img decoding=\"async\" src=\"\/\/petsi29.com\/wp-content\/uploads\/slider\/cache\/32a59ac5f23b6be12ade20d9e2af5253\/Accueil01.jpg\" alt=\"\" title=\"\" loading=\"lazy\" class=\"skip-lazy\" data-skip-lazy=\"1\"><\/picture><\/div><div data-color=\"RGBA(255,255,255,0)\" style=\"background-color: RGBA(255,255,255,0);\" class=\"n2-ss-slide-background-color\"><\/div><\/div><\/div>                    <div class=\"n2-ss-slider-4 n2-ow\">\n                        <svg xmlns=\"http:\/\/www.w3.org\/2000\/svg\" viewBox=\"0 0 1200 600\" data-related-device=\"desktopPortrait\" class=\"n2-ow n2-ss-preserve-size n2-ss-preserve-size--slider n2-ss-slide-limiter\"><\/svg><div data-first=\"1\" data-slide-duration=\"0\" data-id=\"16\" data-slide-public-id=\"1\" data-title=\"PHOTO 1 LOGO\" class=\"n2-ss-slide n2-ow  n2-ss-slide-16\"><div role=\"note\" class=\"n2-ss-slide--focus\" tabindex=\"-1\">PHOTO 1 LOGO<\/div><div class=\"n2-ss-layers-container n2-ss-slide-limiter n2-ow\"><div class=\"n2-ss-layer n2-ow n-uc-gRR6ob80BjHo\" data-sstype=\"slide\" data-pm=\"default\"><\/div><\/div><\/div>                    <\/div>\n\n                                    <\/div>\n            <\/div>\n        <\/div>\n        <\/div><ss3-loader><\/ss3-loader><\/div><\/div><div class=\"n2_clear\"><\/div><\/div>\n\n\n<div style=\"height:60px\" aria-hidden=\"true\" class=\"wp-block-spacer\"><\/div>\n\n\n<div class=\"wp-block-image\">\n<figure class=\"aligncenter size-full\"><img decoding=\"async\" loading=\"lazy\" width=\"1025\" height=\"201\" src=\"https:\/\/petsi29.com\/wp-content\/uploads\/2023\/07\/PICTO-page-accueil-2.png\" alt=\"\" class=\"wp-image-196\" srcset=\"https:\/\/petsi29.com\/wp-content\/uploads\/2023\/07\/PICTO-page-accueil-2.png 1025w, https:\/\/petsi29.com\/wp-content\/uploads\/2023\/07\/PICTO-page-accueil-2-300x59.png 300w, https:\/\/petsi29.com\/wp-content\/uploads\/2023\/07\/PICTO-page-accueil-2-768x151.png 768w\" sizes=\"(max-width: 1025px) 100vw, 1025px\" \/><\/figure><\/div>\n\n\n<div style=\"height:60px\" aria-hidden=\"true\" class=\"wp-block-spacer\"><\/div>\n\n\n\n<div class=\"wp-block-media-text is-stacked-on-mobile is-vertically-aligned-center has-nv-site-bg-color has-text-color has-background\" style=\"background-color:#a49dc9;grid-template-columns:40% auto\"><figure class=\"wp-block-media-text__media\"><img decoding=\"async\" loading=\"lazy\" width=\"993\" height=\"1024\" src=\"https:\/\/petsi29.com\/wp-content\/uploads\/2023\/07\/CHIEN-993x1024.jpg\" alt=\"\" class=\"wp-image-159 size-full\" srcset=\"https:\/\/petsi29.com\/wp-content\/uploads\/2023\/07\/CHIEN-993x1024.jpg 993w, https:\/\/petsi29.com\/wp-content\/uploads\/2023\/07\/CHIEN-291x300.jpg 291w, https:\/\/petsi29.com\/wp-content\/uploads\/2023\/07\/CHIEN-768x792.jpg 768w, https:\/\/petsi29.com\/wp-content\/uploads\/2023\/07\/CHIEN-1489x1536.jpg 1489w, https:\/\/petsi29.com\/wp-content\/uploads\/2023\/07\/CHIEN.jpg 1677w\" sizes=\"(max-width: 993px) 100vw, 993px\" \/><\/figure><div class=\"wp-block-media-text__content\">\n<p style=\"font-size:30px\"><strong>Education et Balade Educative<\/strong><\/p>\n\n\n\n<p style=\"font-size:16px\">Vous souhaitez apprendre \u00e0 votre chien \u00e0 mieux comprendre ce qui est attendu \u00e0 vos c\u00f4t\u00e9s tout en exprimant sa nature canine de la meilleure fa\u00e7on dans notre monde d\u2019humains ?<br>PETSI vous accompagne lors des balades \u00e9ducatives ou dans votre espace d\u2019habitation afin de nouer avec votre chien une relation sereine en toute confiance et s\u00e9curit\u00e9.<\/p>\n\n\n\n<div class=\"wp-block-buttons is-layout-flex\">\n<div class=\"wp-block-button has-custom-width wp-block-button__width-25 has-custom-font-size is-style-default\" style=\"font-size:12px\"><a class=\"wp-block-button__link has-nv-text-dark-bg-background-color has-text-color has-background wp-element-button\" href=\"https:\/\/petsi29.com\/?page_id=374\" style=\"border-radius:0px;color:#a49dc9\">EN SAVOIR +<\/a><\/div>\n<\/div>\n<\/div><\/div>\n\n\n\n<div style=\"height:15px\" aria-hidden=\"true\" class=\"wp-block-spacer\"><\/div>\n\n\n\n<div class=\"wp-block-media-text has-media-on-the-right is-stacked-on-mobile is-vertically-aligned-center has-nv-site-bg-background-color has-text-color has-background\" style=\"color:#a49dc9;grid-template-columns:auto 40%\"><div class=\"wp-block-media-text__content\">\n<p style=\"font-size:30px\"><strong>Petsitting<\/strong><\/p>\n\n\n\n<p>Vous vous absentez de votre domicile et vous souhaitez que votre chat ou votre chien reste \u00e0 la maison en toute s\u00e9r\u00e9nit\u00e9 ? Ou vous ne pouvez momentan\u00e9ment r\u00e9pondre aux besoins quotidiens de promenade de votre animal ?<br>PETSI vous propose un service personnalis\u00e9 de visites \u00e0 domicile.<\/p>\n\n\n\n<div class=\"wp-block-buttons is-layout-flex\">\n<div class=\"wp-block-button has-custom-width wp-block-button__width-25 has-custom-font-size\" style=\"font-size:12px\"><a class=\"wp-block-button__link has-nv-site-bg-color has-text-color has-background wp-element-button\" href=\"https:\/\/petsi29.com\/?page_id=376\" style=\"border-radius:0px;background-color:#a49dc9\">EN SAVOIR +<\/a><\/div>\n<\/div>\n<\/div><figure class=\"wp-block-media-text__media\"><img decoding=\"async\" loading=\"lazy\" width=\"993\" height=\"1024\" src=\"https:\/\/petsi29.com\/wp-content\/uploads\/2023\/07\/CHAT-993x1024.jpg\" alt=\"\" class=\"wp-image-160 size-full\" srcset=\"https:\/\/petsi29.com\/wp-content\/uploads\/2023\/07\/CHAT-993x1024.jpg 993w, https:\/\/petsi29.com\/wp-content\/uploads\/2023\/07\/CHAT-291x300.jpg 291w, https:\/\/petsi29.com\/wp-content\/uploads\/2023\/07\/CHAT-768x792.jpg 768w, https:\/\/petsi29.com\/wp-content\/uploads\/2023\/07\/CHAT-1489x1536.jpg 1489w, https:\/\/petsi29.com\/wp-content\/uploads\/2023\/07\/CHAT.jpg 1677w\" sizes=\"(max-width: 993px) 100vw, 993px\" \/><\/figure><\/div>\n\n\n\n<div style=\"height:15px\" aria-hidden=\"true\" class=\"wp-block-spacer\"><\/div>\n\n\n\n<div class=\"wp-block-media-text is-stacked-on-mobile is-vertically-aligned-center has-nv-site-bg-color has-text-color has-background\" style=\"background-color:#f3bd4e;grid-template-columns:40% auto\"><figure class=\"wp-block-media-text__media\"><img decoding=\"async\" loading=\"lazy\" width=\"993\" height=\"1024\" src=\"https:\/\/petsi29.com\/wp-content\/uploads\/2023\/07\/CHIEN2-993x1024.jpg\" alt=\"\" class=\"wp-image-164 size-full\" srcset=\"https:\/\/petsi29.com\/wp-content\/uploads\/2023\/07\/CHIEN2-993x1024.jpg 993w, https:\/\/petsi29.com\/wp-content\/uploads\/2023\/07\/CHIEN2-291x300.jpg 291w, https:\/\/petsi29.com\/wp-content\/uploads\/2023\/07\/CHIEN2-768x792.jpg 768w, https:\/\/petsi29.com\/wp-content\/uploads\/2023\/07\/CHIEN2-1489x1536.jpg 1489w, https:\/\/petsi29.com\/wp-content\/uploads\/2023\/07\/CHIEN2.jpg 1677w\" sizes=\"(max-width: 993px) 100vw, 993px\" \/><\/figure><div class=\"wp-block-media-text__content\">\n<p style=\"font-size:30px\"><strong>Comportements Ind\u00e9sirables<\/strong><\/p>\n\n\n\n<p>Destructions, malpropret\u00e9, vocalises incessantes, r\u00e9activit\u00e9s sont l\u2019expression d\u2019un mal-\u00eatre chez votre compagnon qu\u2019il ne faut pas ignorer. C\u2019est en comprenant ses motivations et ses besoins que nous pourrons comprendre la raison de ses comportements, poser un diagnostic et trouver des solutions respectueuses pour votre animal et pour vous.<\/p>\n\n\n\n<p class=\"has-medium-font-size\"><strong>D\u00e9but des rendez-vous : d\u00e9but 2024<\/strong><\/p>\n\n\n\n<div class=\"wp-block-buttons is-layout-flex\">\n<div class=\"wp-block-button has-custom-width wp-block-button__width-25 has-custom-font-size\" style=\"font-size:12px\"><a class=\"wp-block-button__link has-nv-site-bg-background-color has-text-color has-background wp-element-button\" href=\"https:\/\/petsi29.com\/?page_id=294\" style=\"border-radius:0px;color:#f3bd4e\">EN SAVOIR +<\/a><\/div>\n<\/div>\n<\/div><\/div>\n\n\n\n<div style=\"height:15px\" aria-hidden=\"true\" class=\"wp-block-spacer\"><\/div>\n\n\n\n<div class=\"wp-block-media-text has-media-on-the-right is-stacked-on-mobile is-vertically-aligned-center has-nv-site-bg-background-color has-text-color has-background\" style=\"color:#a49dc9;grid-template-columns:auto 40%\"><div class=\"wp-block-media-text__content\">\n<p class=\"has-text-color\" style=\"color:#f3bd4e;font-size:30px\"><strong>Accompagnement Adoption<\/strong><\/p>\n\n\n\n<p class=\"has-text-color\" style=\"color:#f3bd4e\">Votre petit compagnon arrive, et vous voulez vous sentir pr\u00eat ? PETSI vous accompagne pendant une s\u00e9ance \u00e0 votre domicile o\u00f9 nous verrons tout ce qu\u2019il faut savoir pour bien d\u00e9marrer votre vie avec lui : comprendre ses besoins et ses modes de communications et \u00e9viter l\u2019installation de comportements non d\u00e9sir\u00e9s.<\/p>\n\n\n\n<p class=\"has-text-color has-medium-font-size\" style=\"color:#f3bd4e\"><strong>D\u00e9but des rendez-vous : d\u00e9but 2024<\/strong><\/p>\n\n\n\n<div class=\"wp-block-buttons is-layout-flex\">\n<div class=\"wp-block-button has-custom-width wp-block-button__width-25 has-custom-font-size\" style=\"font-size:12px\"><a class=\"wp-block-button__link has-nv-site-bg-color has-text-color has-background wp-element-button\" href=\"https:\/\/petsi29.com\/?page_id=285\" style=\"border-radius:0px;background-color:#f3bd4e\">EN SAVOIR +<\/a><\/div>\n<\/div>\n<\/div><figure class=\"wp-block-media-text__media\"><img decoding=\"async\" loading=\"lazy\" width=\"993\" height=\"1024\" src=\"https:\/\/petsi29.com\/wp-content\/uploads\/2023\/07\/CHIEN3-993x1024.jpg\" alt=\"\" class=\"wp-image-183 size-full\" srcset=\"https:\/\/petsi29.com\/wp-content\/uploads\/2023\/07\/CHIEN3-993x1024.jpg 993w, https:\/\/petsi29.com\/wp-content\/uploads\/2023\/07\/CHIEN3-291x300.jpg 291w, https:\/\/petsi29.com\/wp-content\/uploads\/2023\/07\/CHIEN3-768x792.jpg 768w, https:\/\/petsi29.com\/wp-content\/uploads\/2023\/07\/CHIEN3-1489x1536.jpg 1489w, https:\/\/petsi29.com\/wp-content\/uploads\/2023\/07\/CHIEN3.jpg 1677w\" sizes=\"(max-width: 993px) 100vw, 993px\" \/><\/figure><\/div>\n\n\n\n<div style=\"height:139px\" aria-hidden=\"true\" class=\"wp-block-spacer\"><\/div>\n\n\n\n<p class=\"has-text-color\" style=\"color:#a49dc9;font-size:30px\"><strong>Vos loulous<\/strong><\/p>\n\n\n\n<figure class=\"wp-block-gallery has-nested-images columns-3 is-cropped has-nv-site-bg-background-color has-background wp-block-gallery-5 is-layout-flex\">\n<figure class=\"wp-block-image size-large is-style-default\"><img decoding=\"async\" loading=\"lazy\" width=\"768\" height=\"1024\" data-id=\"204\"  src=\"https:\/\/petsi29.com\/wp-content\/uploads\/2023\/07\/20220415_091901-768x1024.jpg\" alt=\"\" class=\"wp-image-204\" srcset=\"https:\/\/petsi29.com\/wp-content\/uploads\/2023\/07\/20220415_091901-768x1024.jpg 768w, https:\/\/petsi29.com\/wp-content\/uploads\/2023\/07\/20220415_091901-225x300.jpg 225w, https:\/\/petsi29.com\/wp-content\/uploads\/2023\/07\/20220415_091901-1152x1536.jpg 1152w, https:\/\/petsi29.com\/wp-content\/uploads\/2023\/07\/20220415_091901-1536x2048.jpg 1536w, https:\/\/petsi29.com\/wp-content\/uploads\/2023\/07\/20220415_091901-scaled.jpg 1920w\" sizes=\"(max-width: 768px) 100vw, 768px\" \/><\/figure>\n\n\n\n<figure class=\"wp-block-image size-large\"><img decoding=\"async\" loading=\"lazy\" width=\"751\" height=\"1024\" data-id=\"201\"  src=\"https:\/\/petsi29.com\/wp-content\/uploads\/2023\/07\/20220702_215152-retouche-751x1024.jpg\" alt=\"\" class=\"wp-image-201\" srcset=\"https:\/\/petsi29.com\/wp-content\/uploads\/2023\/07\/20220702_215152-retouche-751x1024.jpg 751w, https:\/\/petsi29.com\/wp-content\/uploads\/2023\/07\/20220702_215152-retouche-220x300.jpg 220w, https:\/\/petsi29.com\/wp-content\/uploads\/2023\/07\/20220702_215152-retouche-768x1047.jpg 768w, https:\/\/petsi29.com\/wp-content\/uploads\/2023\/07\/20220702_215152-retouche-1127x1536.jpg 1127w, https:\/\/petsi29.com\/wp-content\/uploads\/2023\/07\/20220702_215152-retouche-1503x2048.jpg 1503w, https:\/\/petsi29.com\/wp-content\/uploads\/2023\/07\/20220702_215152-retouche-scaled.jpg 1878w\" sizes=\"(max-width: 751px) 100vw, 751px\" \/><\/figure>\n\n\n\n<figure class=\"wp-block-image size-large\"><img decoding=\"async\" loading=\"lazy\" width=\"768\" height=\"1024\" data-id=\"200\"  src=\"https:\/\/petsi29.com\/wp-content\/uploads\/2023\/07\/20220712_211232-retouche-768x1024.jpg\" alt=\"\" class=\"wp-image-200\" srcset=\"https:\/\/petsi29.com\/wp-content\/uploads\/2023\/07\/20220712_211232-retouche-768x1024.jpg 768w, https:\/\/petsi29.com\/wp-content\/uploads\/2023\/07\/20220712_211232-retouche-225x300.jpg 225w, https:\/\/petsi29.com\/wp-content\/uploads\/2023\/07\/20220712_211232-retouche-1152x1536.jpg 1152w, https:\/\/petsi29.com\/wp-content\/uploads\/2023\/07\/20220712_211232-retouche-1536x2048.jpg 1536w, https:\/\/petsi29.com\/wp-content\/uploads\/2023\/07\/20220712_211232-retouche-scaled.jpg 1920w\" sizes=\"(max-width: 768px) 100vw, 768px\" \/><\/figure>\n<\/figure>\n\n\n\n<div style=\"height:58px\" aria-hidden=\"true\" class=\"wp-block-spacer\"><\/div>\n\n\n\n<p class=\"has-text-color\" style=\"color:#a49dc9;font-size:30px\"><strong>Vos messages<\/strong><\/p>\n\n\n\n<figure class=\"wp-block-gallery has-nested-images columns-4 is-cropped has-nv-site-bg-background-color has-background wp-block-gallery-7 is-layout-flex\">\n<figure class=\"wp-block-image size-large is-style-rounded\"><img decoding=\"async\" loading=\"lazy\" width=\"810\" height=\"810\" data-id=\"250\"  src=\"https:\/\/petsi29.com\/wp-content\/uploads\/2023\/07\/Blaki-Corine-2-1.jpeg\" alt=\"\" class=\"wp-image-250\" srcset=\"https:\/\/petsi29.com\/wp-content\/uploads\/2023\/07\/Blaki-Corine-2-1.jpeg 810w, https:\/\/petsi29.com\/wp-content\/uploads\/2023\/07\/Blaki-Corine-2-1-300x300.jpeg 300w, https:\/\/petsi29.com\/wp-content\/uploads\/2023\/07\/Blaki-Corine-2-1-150x150.jpeg 150w, https:\/\/petsi29.com\/wp-content\/uploads\/2023\/07\/Blaki-Corine-2-1-768x768.jpeg 768w\" sizes=\"(max-width: 810px) 100vw, 810px\" \/><\/figure>\n\n\n\n<figure class=\"wp-block-image size-large is-style-rounded\"><img decoding=\"async\" loading=\"lazy\" width=\"810\" height=\"810\" data-id=\"251\"  src=\"https:\/\/petsi29.com\/wp-content\/uploads\/2023\/07\/Hutch-Stephanie2.jpg\" alt=\"\" class=\"wp-image-251\" srcset=\"https:\/\/petsi29.com\/wp-content\/uploads\/2023\/07\/Hutch-Stephanie2.jpg 810w, https:\/\/petsi29.com\/wp-content\/uploads\/2023\/07\/Hutch-Stephanie2-300x300.jpg 300w, https:\/\/petsi29.com\/wp-content\/uploads\/2023\/07\/Hutch-Stephanie2-150x150.jpg 150w, https:\/\/petsi29.com\/wp-content\/uploads\/2023\/07\/Hutch-Stephanie2-768x768.jpg 768w\" sizes=\"(max-width: 810px) 100vw, 810px\" \/><\/figure>\n\n\n\n<figure class=\"wp-block-image size-large is-style-rounded\"><img decoding=\"async\" loading=\"lazy\" width=\"810\" height=\"810\" data-id=\"248\"  src=\"https:\/\/petsi29.com\/wp-content\/uploads\/2023\/07\/Tai-Florence2.jpg\" alt=\"\" class=\"wp-image-248\" srcset=\"https:\/\/petsi29.com\/wp-content\/uploads\/2023\/07\/Tai-Florence2.jpg 810w, https:\/\/petsi29.com\/wp-content\/uploads\/2023\/07\/Tai-Florence2-300x300.jpg 300w, https:\/\/petsi29.com\/wp-content\/uploads\/2023\/07\/Tai-Florence2-150x150.jpg 150w, https:\/\/petsi29.com\/wp-content\/uploads\/2023\/07\/Tai-Florence2-768x768.jpg 768w\" sizes=\"(max-width: 810px) 100vw, 810px\" \/><\/figure>\n\n\n\n<figure class=\"wp-block-image size-large is-style-rounded\"><img decoding=\"async\" loading=\"lazy\" width=\"810\" height=\"810\" data-id=\"249\"  src=\"https:\/\/petsi29.com\/wp-content\/uploads\/2023\/07\/Terril-Laura2.jpg\" alt=\"\" class=\"wp-image-249\" srcset=\"https:\/\/petsi29.com\/wp-content\/uploads\/2023\/07\/Terril-Laura2.jpg 810w, https:\/\/petsi29.com\/wp-content\/uploads\/2023\/07\/Terril-Laura2-300x300.jpg 300w, https:\/\/petsi29.com\/wp-content\/uploads\/2023\/07\/Terril-Laura2-150x150.jpg 150w, https:\/\/petsi29.com\/wp-content\/uploads\/2023\/07\/Terril-Laura2-768x768.jpg 768w\" sizes=\"(max-width: 810px) 100vw, 810px\" \/><\/figure>\n<\/figure>\n\n\n\n<div style=\"height:14px\" aria-hidden=\"true\" class=\"wp-block-spacer\"><\/div>\n\n\n\n<div class=\"wp-block-columns is-layout-flex wp-container-17\">\n<div class=\"wp-block-column is-layout-flow\">\n<div class=\"wp-block-columns is-layout-flex wp-container-11\">\n<div class=\"wp-block-column is-layout-flow\">\n<p class=\"has-text-align-left has-small-font-size\"><em>\u00ab&nbsp;Prestations au top&nbsp;! Sandra a \u00e9t\u00e9 tr\u00e8s attentionn\u00e9e et tr\u00e8s s\u00e9rieuse. Je le recommande vivement c\u2019est une personne de confiance. Elle s\u2019est tr\u00e8s tr\u00e8s bien occup\u00e9e de notre chien, longue promenade, jeu, elle nous envoyait des photos et des nouvelles. Encore merci. Je ferai de nouveau appel \u00e0 ses services si besoin.&nbsp;\u00bb<\/em><br><br>CORINE<\/p>\n<\/div>\n\n\n\n<div class=\"wp-block-column is-layout-flow\">\n<p class=\"has-text-align-left has-small-font-size\"><em>Un grand merci \u00e0 Sandra de s&rsquo;\u00eatre occup\u00e9e de nos deux chats et nos deux poules \u00e0 plusieurs reprises. Son contact avec les animaux est exceptionnel et elle fait preuve d&rsquo;un grand professionnalisme. Nous continuerons de lui confier nos animaux en toute confiance<\/em><br><br>STEPHANIE ET FREDERIC<\/p>\n<\/div>\n<\/div>\n<\/div>\n\n\n\n<div class=\"wp-block-column is-layout-flow\">\n<div class=\"wp-block-columns is-layout-flex wp-container-15\">\n<div class=\"wp-block-column is-layout-flow\">\n<p class=\"has-text-align-left has-small-font-size\"><em>\u00ab&nbsp;C\u2019est toujours un vrai soulagement de partir en tout qui\u00e9tude lorsque Sandra garde nos 3 loulous. Une perle pour nous, une vraie complice pour nos 3 animaux. Une patience et une gentillesse confirm\u00e9es par Tai, P\u00e9p\u00e8re et Philom\u00e8ne.&nbsp;\u00bb<\/em><br><br>FLORENCE ET PAUL<\/p>\n<\/div>\n\n\n\n<div class=\"wp-block-column is-layout-flow\">\n<p class=\"has-text-align-center has-small-font-size\"><em>A venir<\/em><\/p>\n\n\n\n<p class=\"has-text-align-center has-small-font-size\">LAURA ET ARTHUR<\/p>\n<\/div>\n<\/div>\n<\/div>\n<\/div>\n","protected":false},"excerpt":{"rendered":"<p>Vos loulous Vos messages \u00ab&nbsp;Prestations au top&nbsp;! Sandra a \u00e9t\u00e9 tr\u00e8s attentionn\u00e9e et tr\u00e8s s\u00e9rieuse. Je le recommande vivement c\u2019est une personne de confiance. Elle s\u2019est tr\u00e8s tr\u00e8s bien occup\u00e9e de notre chien, longue promenade, jeu, elle nous envoyait des photos et des nouvelles. Encore merci. Je ferai de nouveau appel \u00e0 ses services si&hellip;&nbsp;<a href=\"https:\/\/petsi29.com\/\" class=\"\" rel=\"bookmark\">Lire la suite &raquo;<span class=\"screen-reader-text\">Accueil<\/span><\/a><\/p>\n","protected":false},"author":1,"featured_media":0,"parent":0,"menu_order":0,"comment_status":"closed","ping_status":"closed","template":"","meta":{"neve_meta_sidebar":"","neve_meta_container":"","neve_meta_enable_content_width":"on","neve_meta_content_width":100,"neve_meta_title_alignment":"","neve_meta_author_avatar":"","neve_post_elements_order":"","neve_meta_disable_header":"","neve_meta_disable_footer":"","neve_meta_disable_title":""},"_links":{"self":[{"href":"https:\/\/petsi29.com\/index.php?rest_route=\/wp\/v2\/pages\/87"}],"collection":[{"href":"https:\/\/petsi29.com\/index.php?rest_route=\/wp\/v2\/pages"}],"about":[{"href":"https:\/\/petsi29.com\/index.php?rest_route=\/wp\/v2\/types\/page"}],"author":[{"embeddable":true,"href":"https:\/\/petsi29.com\/index.php?rest_route=\/wp\/v2\/users\/1"}],"replies":[{"embeddable":true,"href":"https:\/\/petsi29.com\/index.php?rest_route=%2Fwp%2Fv2%2Fcomments&post=87"}],"version-history":[{"count":92,"href":"https:\/\/petsi29.com\/index.php?rest_route=\/wp\/v2\/pages\/87\/revisions"}],"predecessor-version":[{"id":380,"href":"https:\/\/petsi29.com\/index.php?rest_route=\/wp\/v2\/pages\/87\/revisions\/380"}],"wp:attachment":[{"href":"https:\/\/petsi29.com\/index.php?rest_route=%2Fwp%2Fv2%2Fmedia&parent=87"}],"curies":[{"name":"wp","href":"https:\/\/api.w.org\/{rel}","templated":true}]}}