{"id":69,"date":"2023-06-18T16:18:06","date_gmt":"2023-06-18T14:18:06","guid":{"rendered":"https:\/\/petsi29.com\/?page_id=69"},"modified":"2024-01-07T13:17:59","modified_gmt":"2024-01-07T12:17:59","slug":"qui-suis-je","status":"publish","type":"page","link":"https:\/\/petsi29.com\/?page_id=69","title":{"rendered":"Qui suis-je ?"},"content":{"rendered":"\n<div style=\"height:33px\" aria-hidden=\"true\" class=\"wp-block-spacer\"><\/div>\n\n\n\n<div class=\"wp-block-media-text has-media-on-the-right is-stacked-on-mobile is-vertically-aligned-top is-image-fill has-nv-site-bg-background-color has-text-color has-background\" style=\"color:#a49dc9;font-size:0px;grid-template-columns:auto 40%\"><div class=\"wp-block-media-text__content\">\n<p class=\"has-text-color\" style=\"color:#f3bd4e;font-size:30px\"><strong>Qui est Petsi ?<\/strong><\/p>\n\n\n\n<p class=\"has-nv-dark-bg-color has-text-color has-small-font-size\" style=\"color:#f3bd4e;font-size:30px\">Je m\u2019appelle Sandra et l\u2019amour des animaux est n\u00e9 depuis mon enfance, comme beaucoup d\u2019entre nous. J\u2019ai su tr\u00e8s vite que je souhaitais exercer un m\u00e9tier en relation avec eux pour leur apporter autant qu\u2019ils nous apportent.<\/p>\n\n\n\n<p class=\"has-nv-dark-bg-color has-text-color has-small-font-size\" style=\"color:#f3bd4e;font-size:30px\">La question \u00e9tait \u00ab Comment ? \u00bb.<\/p>\n\n\n\n<p class=\"has-nv-dark-bg-color has-text-color has-small-font-size\" style=\"color:#f3bd4e;font-size:30px\">Ma toute premi\u00e8re vocation a \u00e9t\u00e9 le <strong>PETSITTING<\/strong>. Ayant moi-m\u00eame eu besoin de ce service, je sais \u00e0 quel point confier nos loulous \u00e0 quelqu\u2019un est une d\u00e9marche importante o\u00f9 le s\u00e9rieux du Petsitter, son respect pour nos animaux et bien s\u00fbr la confiance sont primordiaux.<\/p>\n\n\n\n<p class=\"has-nv-dark-bg-color has-text-color has-small-font-size\" style=\"color:#f3bd4e;font-size:30px\">Mais je voulais faire encore plus pour eux et pour cela j\u2019ai voulu comprendre nos amis les chats et les chiens ainsi que leur environnement influenc\u00e9 par l\u2019humain. Tout cela dans le but de leur apporter une vie plus agr\u00e9able et une relation plus harmonieuse \u00e0 tous.<\/p>\n\n\n\n<p class=\"has-nv-dark-bg-color has-text-color has-small-font-size\" style=\"color:#f3bd4e;font-size:30px\">C\u2019est donc tout naturellement que je me suis rapproch\u00e9e du CEEPHAO (Centre d\u2019\u00c9tudes en \u00c9thologie, Psychologie Humaine et Animale de L\u2019Ouest) qui m\u2019a form\u00e9e et certifi\u00e9e en <strong>\u00c9DUCATION CANINE<\/strong> et avec qui je continue de me former pour devenir <strong>COMPORTEMENTALISTE ANIMALIER<\/strong>. Ce centre de formation a \u00e9t\u00e9 cr\u00e9\u00e9 depuis plus de 25 ans par Patrick LE DOEUFF sp\u00e9cialiste en psychologie humaine et animale qui a pass\u00e9 le flambeau \u00e0 Sophie TRIHAN, comportementaliste animali\u00e8re et psychopraticienne, tout aussi passionn\u00e9e et professionnelle. Leur approche est centr\u00e9e sur l\u2019Humain et sur sa relation \u00e0 l\u2019Animal.<\/p>\n\n\n\n<p class=\"has-nv-dark-bg-color has-text-color has-small-font-size\" style=\"color:#f3bd4e;font-size:30px\">Petsi est donc n\u00e9 de l\u2019amour et le respect que j\u2019ai pour les animaux et les humains et de la volont\u00e9 de les accompagner dans une relation harmonieuse et\u00a0 une vie plus sereine.<\/p>\n\n\n\n<div class=\"wp-block-buttons is-layout-flex\"><\/div>\n<\/div><figure class=\"wp-block-media-text__media\" style=\"background-image:url(http:\/\/petsi29.com\/wp-content\/uploads\/2024\/01\/02-2-472x1024.jpg);background-position:50% 50%\"><img decoding=\"async\" loading=\"lazy\" width=\"472\" height=\"1024\" src=\"http:\/\/petsi29.com\/wp-content\/uploads\/2024\/01\/02-2-472x1024.jpg\" alt=\"\" class=\"wp-image-474 size-full\" srcset=\"https:\/\/petsi29.com\/wp-content\/uploads\/2024\/01\/02-2-472x1024.jpg 472w, https:\/\/petsi29.com\/wp-content\/uploads\/2024\/01\/02-2-138x300.jpg 138w, https:\/\/petsi29.com\/wp-content\/uploads\/2024\/01\/02-2-768x1666.jpg 768w, https:\/\/petsi29.com\/wp-content\/uploads\/2024\/01\/02-2-708x1536.jpg 708w, https:\/\/petsi29.com\/wp-content\/uploads\/2024\/01\/02-2-944x2048.jpg 944w, https:\/\/petsi29.com\/wp-content\/uploads\/2024\/01\/02-2.jpg 1134w\" sizes=\"(max-width: 472px) 100vw, 472px\" \/><\/figure><\/div>\n\n\n\n<figure class=\"wp-block-pullquote has-text-color has-small-font-size\" style=\"border-style:none;border-width:0px;border-radius:0px;color:#f3bd4e\"><blockquote><p>Je reste soucieuse d\u2019apprendre toujours plus, aussi je continuerai \u00e0 me former r\u00e9guli\u00e8rement pour rester alerte et proposer toujours le meilleur \u00e0 mes clients et \u00e0 leurs loulous.<\/p><\/blockquote><\/figure>\n\n\n\n<div class=\"wp-block-columns are-vertically-aligned-top has-nv-site-bg-background-color has-text-color has-background is-layout-flex wp-container-3\" style=\"color:#a49dc9;font-size:0px\">\n<div class=\"wp-block-column is-layout-flow\"><div class=\"wp-block-image is-style-default\">\n<figure class=\"aligncenter size-large\"><img decoding=\"async\" loading=\"lazy\" width=\"1024\" height=\"572\" src=\"https:\/\/petsi29.com\/wp-content\/uploads\/2024\/01\/03-2-1024x572.jpg\" alt=\"\" class=\"wp-image-486\" srcset=\"https:\/\/petsi29.com\/wp-content\/uploads\/2024\/01\/03-2-1024x572.jpg 1024w, https:\/\/petsi29.com\/wp-content\/uploads\/2024\/01\/03-2-300x167.jpg 300w, https:\/\/petsi29.com\/wp-content\/uploads\/2024\/01\/03-2-768x429.jpg 768w, https:\/\/petsi29.com\/wp-content\/uploads\/2024\/01\/03-2-1536x858.jpg 1536w\" sizes=\"(max-width: 1024px) 100vw, 1024px\" \/><\/figure><\/div><\/div>\n<\/div>\n\n\n\n<div style=\"height:33px\" aria-hidden=\"true\" class=\"wp-block-spacer\"><\/div>\n","protected":false},"excerpt":{"rendered":"<p>Je reste soucieuse d\u2019apprendre toujours plus, aussi je continuerai \u00e0 me former r\u00e9guli\u00e8rement pour rester alerte et proposer toujours le meilleur \u00e0 mes clients et \u00e0 leurs loulous.<\/p>\n","protected":false},"author":1,"featured_media":0,"parent":0,"menu_order":0,"comment_status":"closed","ping_status":"closed","template":"","meta":{"neve_meta_sidebar":"","neve_meta_container":"","neve_meta_enable_content_width":"","neve_meta_content_width":0,"neve_meta_title_alignment":"","neve_meta_author_avatar":"","neve_post_elements_order":"","neve_meta_disable_header":"","neve_meta_disable_footer":"","neve_meta_disable_title":""},"_links":{"self":[{"href":"https:\/\/petsi29.com\/index.php?rest_route=\/wp\/v2\/pages\/69"}],"collection":[{"href":"https:\/\/petsi29.com\/index.php?rest_route=\/wp\/v2\/pages"}],"about":[{"href":"https:\/\/petsi29.com\/index.php?rest_route=\/wp\/v2\/types\/page"}],"author":[{"embeddable":true,"href":"https:\/\/petsi29.com\/index.php?rest_route=\/wp\/v2\/users\/1"}],"replies":[{"embeddable":true,"href":"https:\/\/petsi29.com\/index.php?rest_route=%2Fwp%2Fv2%2Fcomments&post=69"}],"version-history":[{"count":25,"href":"https:\/\/petsi29.com\/index.php?rest_route=\/wp\/v2\/pages\/69\/revisions"}],"predecessor-version":[{"id":503,"href":"https:\/\/petsi29.com\/index.php?rest_route=\/wp\/v2\/pages\/69\/revisions\/503"}],"wp:attachment":[{"href":"https:\/\/petsi29.com\/index.php?rest_route=%2Fwp%2Fv2%2Fmedia&parent=69"}],"curies":[{"name":"wp","href":"https:\/\/api.w.org\/{rel}","templated":true}]}}