{"id":66,"date":"2023-06-18T16:18:06","date_gmt":"2023-06-18T14:18:06","guid":{"rendered":"https:\/\/petsi29.com\/?page_id=66"},"modified":"2023-12-17T15:28:23","modified_gmt":"2023-12-17T14:28:23","slug":"prestations","status":"publish","type":"page","link":"https:\/\/petsi29.com\/?page_id=66","title":{"rendered":"Prestations"},"content":{"rendered":"\n<h4 class=\"wp-block-heading has-text-align-center has-medium-font-size\"><strong>Petsi vous propose des prestations pour vous accompagner<\/strong> <strong>et avancer ensemble<\/strong><br><strong>dans la vie de votre petit compagnon.<\/strong><\/h4>\n\n\n\n<div class=\"wp-block-columns is-layout-flex wp-container-7\">\n<div class=\"wp-block-column is-layout-flow\">\n<div class=\"wp-block-media-text has-media-on-the-right is-stacked-on-mobile is-vertically-aligned-center has-background\" style=\"background-color:#a49dc9;grid-template-columns:auto 53%\"><div class=\"wp-block-media-text__content\">\n<p class=\"has-nv-site-bg-color has-text-color has-medium-font-size\"><strong>Education et Balade Educative<\/strong><\/p>\n\n\n\n<p class=\"has-text-align-left has-nv-site-bg-color has-text-color\" style=\"font-size:15px\">Vous souhaitez apprendre \u00e0 votre chien \u00e0 mieux comprendre ce qui est attendu \u00e0 vos c\u00f4t\u00e9s tout en exprimant sa nature canine&#8230;<\/p>\n\n\n\n<div class=\"wp-block-buttons is-layout-flex\">\n<div class=\"wp-block-button has-custom-width wp-block-button__width-75 has-custom-font-size is-style-default has-small-font-size\"><a class=\"wp-block-button__link has-nv-site-bg-background-color has-text-color has-background wp-element-button\" href=\"https:\/\/petsi29.com\/?page_id=374\" style=\"border-radius:0px;color:#a49dc9\">En savoir +<\/a><\/div>\n<\/div>\n<\/div><figure class=\"wp-block-media-text__media\"><img decoding=\"async\" loading=\"lazy\" width=\"537\" height=\"768\" src=\"https:\/\/petsi29.com\/wp-content\/uploads\/2023\/07\/PRESTATIONS2.jpg\" alt=\"\" class=\"wp-image-302 size-full\" srcset=\"https:\/\/petsi29.com\/wp-content\/uploads\/2023\/07\/PRESTATIONS2.jpg 537w, https:\/\/petsi29.com\/wp-content\/uploads\/2023\/07\/PRESTATIONS2-210x300.jpg 210w\" sizes=\"(max-width: 537px) 100vw, 537px\" \/><\/figure><\/div>\n\n\n\n<div style=\"height:30px\" aria-hidden=\"true\" class=\"wp-block-spacer\"><\/div>\n\n\n\n<div class=\"wp-block-media-text has-media-on-the-right is-stacked-on-mobile is-vertically-aligned-center has-background\" style=\"background-color:#f3bd4e;grid-template-columns:auto 53%\"><div class=\"wp-block-media-text__content\">\n<p class=\"has-nv-site-bg-color has-text-color has-medium-font-size\"><strong>Comportements Ind\u00e9sirables<\/strong><\/p>\n\n\n\n<p class=\"has-nv-site-bg-color has-text-color\" style=\"font-size:15px\">Destructions, malpropret\u00e9, vocalises incessantes, r\u00e9activit\u00e9s sont l\u2019expression d\u2019un mal-\u00eatre chez votre compagnon qu\u2019il ne faut pas ignorer.<\/p>\n\n\n\n<div class=\"wp-block-buttons is-layout-flex\">\n<div class=\"wp-block-button has-custom-width wp-block-button__width-75 has-custom-font-size is-style-default has-small-font-size\"><a class=\"wp-block-button__link has-nv-site-bg-background-color has-text-color has-background wp-element-button\" href=\"https:\/\/petsi29.com\/?page_id=294\" style=\"border-radius:0px;color:#f3bd4e\">En savoir +<\/a><\/div>\n<\/div>\n<\/div><figure class=\"wp-block-media-text__media\"><img decoding=\"async\" loading=\"lazy\" width=\"537\" height=\"768\" src=\"https:\/\/petsi29.com\/wp-content\/uploads\/2023\/07\/PRESTATIONS3.jpg\" alt=\"\" class=\"wp-image-322 size-full\" srcset=\"https:\/\/petsi29.com\/wp-content\/uploads\/2023\/07\/PRESTATIONS3.jpg 537w, https:\/\/petsi29.com\/wp-content\/uploads\/2023\/07\/PRESTATIONS3-210x300.jpg 210w\" sizes=\"(max-width: 537px) 100vw, 537px\" \/><\/figure><\/div>\n<\/div>\n\n\n\n<div class=\"wp-block-column is-layout-flow\">\n<div class=\"wp-block-media-text is-stacked-on-mobile has-background\" style=\"background-color:#a49dc9;grid-template-columns:53% auto\"><figure class=\"wp-block-media-text__media\"><img decoding=\"async\" loading=\"lazy\" width=\"591\" height=\"844\" src=\"https:\/\/petsi29.com\/wp-content\/uploads\/2023\/07\/PRESTATIONS1-2.jpg\" alt=\"\" class=\"wp-image-318 size-full\" srcset=\"https:\/\/petsi29.com\/wp-content\/uploads\/2023\/07\/PRESTATIONS1-2.jpg 591w, https:\/\/petsi29.com\/wp-content\/uploads\/2023\/07\/PRESTATIONS1-2-210x300.jpg 210w\" sizes=\"(max-width: 591px) 100vw, 591px\" \/><\/figure><div class=\"wp-block-media-text__content\">\n<p class=\"has-nv-site-bg-color has-text-color has-medium-font-size\"><strong>Petsitting<\/strong><\/p>\n\n\n\n<p class=\"has-nv-site-bg-color has-text-color\" style=\"font-size:15px\">Vous vous absentez de votre domicile et vous souhaitez que votre chat ou votre chien reste \u00e0 la maison en toute s\u00e9r\u00e9nit\u00e9 ?<\/p>\n\n\n\n<div class=\"wp-block-buttons is-layout-flex\">\n<div class=\"wp-block-button has-custom-width wp-block-button__width-75 has-custom-font-size has-small-font-size\"><a class=\"wp-block-button__link has-nv-site-bg-background-color has-text-color has-background wp-element-button\" href=\"https:\/\/petsi29.com\/?page_id=376\" style=\"color:#a49dc9\">En savoir +<\/a><\/div>\n<\/div>\n<\/div><\/div>\n\n\n\n<div style=\"height:30px\" aria-hidden=\"true\" class=\"wp-block-spacer\"><\/div>\n\n\n\n<div class=\"wp-block-media-text is-stacked-on-mobile has-background\" style=\"background-color:#f3bd4e;grid-template-columns:53% auto\"><figure class=\"wp-block-media-text__media\"><img decoding=\"async\" loading=\"lazy\" width=\"537\" height=\"768\" src=\"https:\/\/petsi29.com\/wp-content\/uploads\/2023\/07\/PRESTATIONS4.jpg\" alt=\"\" class=\"wp-image-324 size-full\" srcset=\"https:\/\/petsi29.com\/wp-content\/uploads\/2023\/07\/PRESTATIONS4.jpg 537w, https:\/\/petsi29.com\/wp-content\/uploads\/2023\/07\/PRESTATIONS4-210x300.jpg 210w\" sizes=\"(max-width: 537px) 100vw, 537px\" \/><\/figure><div class=\"wp-block-media-text__content\">\n<p class=\"has-nv-site-bg-color has-text-color has-medium-font-size\"><strong>Accompagnement Adoption<\/strong><\/p>\n\n\n\n<p class=\"has-nv-site-bg-color has-text-color\" style=\"font-size:15px\">Votre petit compagnon arrive, et vous voulez vous sentir pr\u00eat ? Petsi vous accompagne<\/p>\n\n\n\n<div class=\"wp-block-buttons is-layout-flex\">\n<div class=\"wp-block-button has-custom-width wp-block-button__width-75 has-custom-font-size has-small-font-size\"><a class=\"wp-block-button__link has-nv-site-bg-background-color has-text-color has-background wp-element-button\" href=\"https:\/\/petsi29.com\/?page_id=285\" style=\"color:#f3bd4e\">En savoir +<\/a><\/div>\n<\/div>\n<\/div><\/div>\n<\/div>\n<\/div>\n","protected":false},"excerpt":{"rendered":"<p>Petsi vous propose des prestations pour vous accompagner et avancer ensembledans la vie de votre petit compagnon. Education et Balade Educative Vous souhaitez apprendre \u00e0 votre chien \u00e0 mieux comprendre ce qui est attendu \u00e0 vos c\u00f4t\u00e9s tout en exprimant sa nature canine&#8230; Comportements Ind\u00e9sirables Destructions, malpropret\u00e9, vocalises incessantes, r\u00e9activit\u00e9s sont l\u2019expression d\u2019un mal-\u00eatre chez&hellip;&nbsp;<a href=\"https:\/\/petsi29.com\/?page_id=66\" class=\"\" rel=\"bookmark\">Lire la suite &raquo;<span class=\"screen-reader-text\">Prestations<\/span><\/a><\/p>\n","protected":false},"author":1,"featured_media":0,"parent":0,"menu_order":0,"comment_status":"closed","ping_status":"closed","template":"","meta":{"neve_meta_sidebar":"","neve_meta_container":"","neve_meta_enable_content_width":"","neve_meta_content_width":0,"neve_meta_title_alignment":"","neve_meta_author_avatar":"","neve_post_elements_order":"","neve_meta_disable_header":"","neve_meta_disable_footer":"","neve_meta_disable_title":""},"_links":{"self":[{"href":"https:\/\/petsi29.com\/index.php?rest_route=\/wp\/v2\/pages\/66"}],"collection":[{"href":"https:\/\/petsi29.com\/index.php?rest_route=\/wp\/v2\/pages"}],"about":[{"href":"https:\/\/petsi29.com\/index.php?rest_route=\/wp\/v2\/types\/page"}],"author":[{"embeddable":true,"href":"https:\/\/petsi29.com\/index.php?rest_route=\/wp\/v2\/users\/1"}],"replies":[{"embeddable":true,"href":"https:\/\/petsi29.com\/index.php?rest_route=%2Fwp%2Fv2%2Fcomments&post=66"}],"version-history":[{"count":30,"href":"https:\/\/petsi29.com\/index.php?rest_route=\/wp\/v2\/pages\/66\/revisions"}],"predecessor-version":[{"id":379,"href":"https:\/\/petsi29.com\/index.php?rest_route=\/wp\/v2\/pages\/66\/revisions\/379"}],"wp:attachment":[{"href":"https:\/\/petsi29.com\/index.php?rest_route=%2Fwp%2Fv2%2Fmedia&parent=66"}],"curies":[{"name":"wp","href":"https:\/\/api.w.org\/{rel}","templated":true}]}}