{"id":294,"date":"2023-07-08T16:38:04","date_gmt":"2023-07-08T14:38:04","guid":{"rendered":"https:\/\/petsi29.com\/?page_id=294"},"modified":"2023-07-08T16:38:49","modified_gmt":"2023-07-08T14:38:49","slug":"comportements-indesirables","status":"publish","type":"page","link":"https:\/\/petsi29.com\/?page_id=294","title":{"rendered":"Comportements ind\u00e9sirables"},"content":{"rendered":"\n<p class=\"has-text-align-center has-nv-site-bg-color has-text-color has-background has-large-font-size\" style=\"background-color:#f3bd4e\"><strong>Comportements ind\u00e9sirables<\/strong><br><br>D\u00e9but des rendez-vous :<strong> d\u00e9but 2024<\/strong><\/p>\n","protected":false},"excerpt":{"rendered":"<p>Comportements ind\u00e9sirables D\u00e9but des rendez-vous : d\u00e9but 2024<\/p>\n","protected":false},"author":1,"featured_media":0,"parent":0,"menu_order":0,"comment_status":"closed","ping_status":"closed","template":"","meta":{"neve_meta_sidebar":"","neve_meta_container":"","neve_meta_enable_content_width":"","neve_meta_content_width":0,"neve_meta_title_alignment":"","neve_meta_author_avatar":"","neve_post_elements_order":"","neve_meta_disable_header":"","neve_meta_disable_footer":"","neve_meta_disable_title":""},"_links":{"self":[{"href":"https:\/\/petsi29.com\/index.php?rest_route=\/wp\/v2\/pages\/294"}],"collection":[{"href":"https:\/\/petsi29.com\/index.php?rest_route=\/wp\/v2\/pages"}],"about":[{"href":"https:\/\/petsi29.com\/index.php?rest_route=\/wp\/v2\/types\/page"}],"author":[{"embeddable":true,"href":"https:\/\/petsi29.com\/index.php?rest_route=\/wp\/v2\/users\/1"}],"replies":[{"embeddable":true,"href":"https:\/\/petsi29.com\/index.php?rest_route=%2Fwp%2Fv2%2Fcomments&post=294"}],"version-history":[{"count":2,"href":"https:\/\/petsi29.com\/index.php?rest_route=\/wp\/v2\/pages\/294\/revisions"}],"predecessor-version":[{"id":297,"href":"https:\/\/petsi29.com\/index.php?rest_route=\/wp\/v2\/pages\/294\/revisions\/297"}],"wp:attachment":[{"href":"https:\/\/petsi29.com\/index.php?rest_route=%2Fwp%2Fv2%2Fmedia&parent=294"}],"curies":[{"name":"wp","href":"https:\/\/api.w.org\/{rel}","templated":true}]}}